{"id":6128,"date":"2017-11-17T17:51:27","date_gmt":"2017-11-17T19:51:27","guid":{"rendered":"http:\/\/www.rendimento.com.br\/atendimento\/assessoria-de-imprensa\/"},"modified":"2023-06-12T12:15:57","modified_gmt":"2023-06-12T15:15:57","slug":"press-office","status":"publish","type":"page","link":"https:\/\/www.rendimento.com.br\/en\/atendimento\/press-office\/","title":{"rendered":"Press Office"},"content":{"rendered":"<div class=\"vce-row-container\" data-vce-boxed-width=\"true\"><div class=\"vce-row vce-row--col-gap-30 vce-row-equal-height vce-row-content--top\" id=\"el-18442a33\" data-vce-do-apply=\"all el-18442a33\"><div class=\"vce-row-content\" data-vce-element-content=\"true\"><div class=\"vce-col vce-col--md-auto vce-col--xs-1 vce-col--xs-last vce-col--xs-first vce-col--sm-last vce-col--sm-first vce-col--md-last vce-col--lg-last vce-col--xl-last vce-col--md-first vce-col--lg-first vce-col--xl-first\" id=\"el-029dd2e1\"><div class=\"vce-col-inner\" data-vce-do-apply=\"border margin background  el-029dd2e1\"><div class=\"vce-col-content\" data-vce-element-content=\"true\" data-vce-do-apply=\"padding el-029dd2e1\"><div class=\"vce-row-container\"><div class=\"vce-row vce-element--xl--has-background vce-element--lg--has-background vce-element--md--has-background vce-element--sm--has-background vce-row--col-gap-30 vce-row-equal-height vce-row-content--top\" data-vce-full-width=\"true\" id=\"el-6a4fb640\" data-vce-do-apply=\"all el-6a4fb640\"><div class=\"vce-content-background-container\"><div class=\"vce-asset-background-simple-container vce-visible-xl-only vce-asset-background-simple--style-cover vce-asset-background-simple--position-center-top\"><div class=\"vce-asset-background-simple\">\r\n              <div class=\"vce-asset-background-simple-item vcv-lozad\" data-background-image=\"https:\/\/www.rendimento.com.br\/wp-content\/uploads\/2022\/12\/bg-banner-assessoria.jpg\"><\/div>\r\n              <noscript>\r\n                <div class=\"vce-asset-background-simple-item\" style=\"background-image: url(https:\/\/www.rendimento.com.br\/wp-content\/uploads\/2022\/12\/bg-banner-assessoria.jpg)\"><\/div>\r\n              <\/noscript>\r\n            <\/div><\/div><div class=\"vce-asset-background-simple-container vce-visible-lg-only vce-asset-background-simple--style-cover vce-asset-background-simple--position-center-top\"><div class=\"vce-asset-background-simple\">\r\n              <div class=\"vce-asset-background-simple-item vcv-lozad\" data-background-image=\"https:\/\/www.rendimento.com.br\/wp-content\/uploads\/2022\/12\/bg-banner-assessoria.jpg\"><\/div>\r\n              <noscript>\r\n                <div class=\"vce-asset-background-simple-item\" style=\"background-image: url(https:\/\/www.rendimento.com.br\/wp-content\/uploads\/2022\/12\/bg-banner-assessoria.jpg)\"><\/div>\r\n              <\/noscript>\r\n            <\/div><\/div><div class=\"vce-asset-background-simple-container vce-visible-md-only vce-asset-background-simple--style-cover vce-asset-background-simple--position-center-top\"><div class=\"vce-asset-background-simple\">\r\n              <div class=\"vce-asset-background-simple-item vcv-lozad\" data-background-image=\"https:\/\/www.rendimento.com.br\/wp-content\/uploads\/2022\/12\/bg-banner-assessoria.jpg\"><\/div>\r\n              <noscript>\r\n                <div class=\"vce-asset-background-simple-item\" style=\"background-image: url(https:\/\/www.rendimento.com.br\/wp-content\/uploads\/2022\/12\/bg-banner-assessoria.jpg)\"><\/div>\r\n              <\/noscript>\r\n            <\/div><\/div><div class=\"vce-asset-background-simple-container vce-visible-sm-only vce-asset-background-simple--style-cover vce-asset-background-simple--position-center-top\"><div class=\"vce-asset-background-simple\">\r\n              <div class=\"vce-asset-background-simple-item vcv-lozad\" data-background-image=\"https:\/\/www.rendimento.com.br\/wp-content\/uploads\/2022\/12\/bg-banner-assessoria.jpg\"><\/div>\r\n              <noscript>\r\n                <div class=\"vce-asset-background-simple-item\" style=\"background-image: url(https:\/\/www.rendimento.com.br\/wp-content\/uploads\/2022\/12\/bg-banner-assessoria.jpg)\"><\/div>\r\n              <\/noscript>\r\n            <\/div><\/div><\/div><div class=\"vce-row-content\" data-vce-element-content=\"true\"><div class=\"vce-col vce-col--md-50p vce-col--xs-1 vce-col--xs-last vce-col--xs-first vce-col--sm-last vce-col--sm-first vce-col--md-first vce-col--lg-first vce-col--xl-first\" id=\"el-d86be1d3\"><div class=\"vce-col-inner\" data-vce-do-apply=\"border margin background  el-d86be1d3\"><div class=\"vce-col-content\" data-vce-element-content=\"true\" data-vce-do-apply=\"padding el-d86be1d3\"><div class=\"vce-shortcode yoast-breadcrumb\"><div class=\"vce-shortcode-wrapper vce\" id=\"el-6b28710a\" data-vce-do-apply=\"all el-6b28710a\"><span><span><a href=\"https:\/\/www.rendimento.com.br\/\">In\u00edcio<\/a><\/span><\/span><\/div><\/div><div class=\"vce-text-block\"><div class=\"vce-text-block-wrapper vce\" id=\"el-0b51096f\" data-vce-do-apply=\"all el-0b51096f\"><p style=\"line-height: 1.25;\"><span style=\"font-family: Inter; font-size: 36pt; font-weight: 600; font-style: normal; color: #ffffff;\">Press Office<\/span><\/p><\/div><\/div><div class=\"vce-text-block\"><div class=\"vce-text-block-wrapper vce\" id=\"el-3be72dc9\" data-vce-do-apply=\"all el-3be72dc9\"><h2 style=\"line-height: 1.25;\"><span style=\"font-family: Inter; color: #ffffff; font-size: 16pt;\">We have a Press Office to support the media.<\/span><\/h2><\/div><\/div><\/div><\/div><\/div><div class=\"vce-col vce-col--md-25p vce-col--xs-1 vce-col--xs-last vce-col--xs-first vce-col--sm-last vce-col--sm-first\" id=\"el-bc38cebf\"><div class=\"vce-col-inner\" data-vce-do-apply=\"border margin background  el-bc38cebf\"><div class=\"vce-content-background-container\"><\/div><div class=\"vce-col-content\" data-vce-element-content=\"true\" data-vce-do-apply=\"padding el-bc38cebf\"><div><\/div><\/div><\/div><\/div><div class=\"vce-col vce-col--md-25p vce-col--xs-1 vce-col--xs-last vce-col--xs-first vce-col--sm-last vce-col--sm-first vce-col--md-last vce-col--lg-last vce-col--xl-last\" id=\"el-07d0611d\"><div class=\"vce-col-inner\" data-vce-do-apply=\"border margin background  el-07d0611d\"><div class=\"vce-col-content\" data-vce-element-content=\"true\" data-vce-do-apply=\"padding el-07d0611d\"><div><\/div><\/div><\/div><\/div><\/div><\/div><\/div><\/div><\/div><\/div><\/div><\/div><\/div><div class=\"vce-row-container\" data-vce-boxed-width=\"true\"><div class=\"vce-row vce-row--col-gap-30 vce-row-equal-height vce-row-content--top\" id=\"el-770ee3e3\" data-vce-do-apply=\"all el-770ee3e3\"><div class=\"vce-row-content\" data-vce-element-content=\"true\"><div class=\"vce-col vce-col--md-auto vce-col--xs-1 vce-col--xs-last vce-col--xs-first vce-col--sm-last vce-col--sm-first vce-col--md-last vce-col--lg-last vce-col--xl-last vce-col--md-first vce-col--lg-first vce-col--xl-first\" id=\"el-9fe7c6ab\"><div class=\"vce-col-inner\" data-vce-do-apply=\"border margin background  el-9fe7c6ab\"><div class=\"vce-col-content\" data-vce-element-content=\"true\" data-vce-do-apply=\"padding el-9fe7c6ab\"><div class=\"vce-row-container\"><div class=\"vce-row vce-row--col-gap-32 vce-row-equal-height vce-row-content--top\" data-vce-full-width=\"true\" id=\"el-2bd4ad9b\" data-vce-do-apply=\"all el-2bd4ad9b\"><div class=\"vce-content-background-container\"><\/div><div class=\"vce-row-content\" data-vce-element-content=\"true\"><div class=\"vce-col vce-col--md-auto vce-col--xs-1 vce-col--xs-last vce-col--xs-first vce-col--sm-last vce-col--sm-first vce-col--md-last vce-col--lg-last vce-col--xl-last vce-col--md-first vce-col--lg-first vce-col--xl-first\" id=\"el-55afb000\"><div class=\"vce-col-inner\" data-vce-do-apply=\"border margin background  el-55afb000\"><div class=\"vce-content-background-container\"><\/div><div class=\"vce-col-content\" data-vce-element-content=\"true\" data-vce-do-apply=\"padding el-55afb000\"><div class=\"vce-google-fonts-heading vce-google-fonts-heading--align-center vce-google-fonts-heading--color-b-254-139-96--45--5C00FF--FF7200 vce-google-fonts-heading--font-family-Inter\"><div class=\"vce-google-fonts-heading-wrapper\"><div class=\"vce-google-fonts-heading--background vce\" id=\"el-e235f22b\" data-vce-do-apply=\"border background  padding margin el-e235f22b\"><h2 class=\"vce-google-fonts-heading-inner\" style=\"line-height: 1.2; font-weight: 700; font-style: normal;\">A Assessoria de Imprensa do Rendimento \u00e9 realizada pela empresa Golin Rela\u00e7\u00f5es P\u00fablicas.<\/h2><\/div><\/div><\/div><div class=\"vce-google-fonts-heading vce-google-fonts-heading--align-center vce-google-fonts-heading--color-b-254-139-96--45--5C00FF--FF7200 vce-google-fonts-heading--font-family-Inter\"><div class=\"vce-google-fonts-heading-wrapper\"><div class=\"vce-google-fonts-heading--background vce\" id=\"el-c4152086\" data-vce-do-apply=\"border background  padding margin el-c4152086\"><h2 class=\"vce-google-fonts-heading-inner\" style=\"line-height: 1.4em; font-weight: 600; font-style: normal;\">The Rendimento Press Office is carried out by the company Golin Relations Publics.<\/h2><\/div><\/div><\/div><div class=\"vce-text-block\"><div class=\"vce-text-block-wrapper vce\" id=\"el-0ce3493e\" data-vce-do-apply=\"all el-0ce3493e\"><p style=\"text-align: center;\"><span style=\"font-family: Inter; font-size: 14pt; color: #333333;\">For any need, please call us on the contacts below:<\/span><\/p><\/div><\/div><div class=\"vce-text-block\"><div class=\"vce-text-block-wrapper vce\" id=\"el-e683e987\" data-vce-do-apply=\"all el-e683e987\"><p style=\"text-align: center;\"><span style=\"font-family: Inter; font-weight: 500; font-style: normal; font-size: 18pt; color: #0a1d6f;\">Golin Assessoria<\/span><\/p><\/div><\/div><div class=\"vce-button--style-outline-icon-container vce\" id=\"el-28baee65\" data-vce-do-apply=\"margin el-28baee65\" style=\"--alignment: center; --borderColor: rgb(10, 29, 111); --color: rgb(10, 29, 111); --hoverBackground: rgb(10, 29, 111); --hoverColorAnimated: rgb(0, 207, 217);\"><a class=\"vce-button vce-button--style-outline-icon-animated vce-button--style-outline-icon--border-round\" href=\"mailto:rendimento@golin.com\" title=\"\" target=\"_blank\" data-vce-do-apply=\"padding border background  el-28baee65\" rel=\"noopener\"><span class=\"vce-button--style-outline-icon-inner\"><span class=\"vce-button--style-outline-icon-text\">rendimento@golin.com<\/span><span class=\"vce-button--style-outline-icon-icon vcv-ui-icon-material vcv-ui-icon-material-mail\"><\/span><\/span><\/a><\/div><\/div><\/div><\/div><\/div><\/div><\/div><\/div><\/div><\/div><\/div><\/div><\/div>","protected":false},"excerpt":{"rendered":"<p>Press OfficeWe have a Press Office to support the media.A Assessoria de Imprensa do Rendimento \u00e9 realizada pela empresa Golin Rela\u00e7\u00f5es P\u00fablicas.The Rendimento Press Office is carried out by the company Golin Relations Publics.For any need, please call us on the contacts below:Golin Assessoriarendimento@golin.com<\/p>\n","protected":false},"author":10,"featured_media":178362,"parent":6122,"menu_order":3,"comment_status":"closed","ping_status":"closed","template":"page-vc.php","meta":{"_acf_changed":false,"footnotes":""},"class_list":["post-6128","page","type-page","status-publish","has-post-thumbnail","hentry"],"acf":[],"yoast_head":"<!-- This site is optimized with the Yoast SEO plugin v27.3 - https:\/\/yoast.com\/product\/yoast-seo-wordpress\/ -->\n<title>Press Office | Banco Rendimento<\/title>\n<meta name=\"description\" content=\"Press OfficeWe have a Press Office to support the media.A Assessoria de Imprensa do Rendimento \u00e9 realizada pela empresa Golin Rela\u00e7\u00f5es P\u00fablicas.The\" \/>\n<meta name=\"robots\" content=\"index, follow, max-snippet:-1, max-image-preview:large, max-video-preview:-1\" \/>\n<link rel=\"canonical\" href=\"https:\/\/www.rendimento.com.br\/en\/atendimento\/press-office\/\" \/>\n<meta property=\"og:locale\" content=\"en_US\" \/>\n<meta property=\"og:type\" content=\"article\" \/>\n<meta property=\"og:title\" content=\"Press Office | Banco Rendimento\" \/>\n<meta property=\"og:description\" content=\"Press OfficeWe have a Press Office to support the media.A Assessoria de Imprensa do Rendimento \u00e9 realizada pela empresa Golin Rela\u00e7\u00f5es P\u00fablicas.The\" \/>\n<meta property=\"og:url\" content=\"https:\/\/www.rendimento.com.br\/en\/atendimento\/press-office\/\" \/>\n<meta property=\"og:site_name\" content=\"Banco Rendimento\" \/>\n<meta property=\"article:publisher\" content=\"https:\/\/www.facebook.com\/bancorendimento\/\" \/>\n<meta property=\"article:modified_time\" content=\"2023-06-12T15:15:57+00:00\" \/>\n<meta property=\"og:image\" content=\"https:\/\/www.rendimento.com.br\/wp-content\/uploads\/2022\/12\/bg-banner-assessoria.jpg\" \/>\n\t<meta property=\"og:image:width\" content=\"2048\" \/>\n\t<meta property=\"og:image:height\" content=\"846\" \/>\n\t<meta property=\"og:image:type\" content=\"image\/jpeg\" \/>\n<meta name=\"twitter:card\" content=\"summary_large_image\" \/>\n<meta name=\"twitter:site\" content=\"@BancoRendimento\" \/>\n<meta name=\"twitter:label1\" content=\"Est. reading time\" \/>\n\t<meta name=\"twitter:data1\" content=\"1 minute\" \/>\n<script type=\"application\/ld+json\" class=\"yoast-schema-graph\">{\"@context\":\"https:\\\/\\\/schema.org\",\"@graph\":[{\"@type\":\"WebPage\",\"@id\":\"https:\\\/\\\/www.rendimento.com.br\\\/en\\\/atendimento\\\/press-office\\\/\",\"url\":\"https:\\\/\\\/www.rendimento.com.br\\\/en\\\/atendimento\\\/press-office\\\/\",\"name\":\"Press Office | Banco Rendimento\",\"isPartOf\":{\"@id\":\"https:\\\/\\\/www.rendimento.com.br\\\/#website\"},\"primaryImageOfPage\":{\"@id\":\"https:\\\/\\\/www.rendimento.com.br\\\/en\\\/atendimento\\\/press-office\\\/#primaryimage\"},\"image\":{\"@id\":\"https:\\\/\\\/www.rendimento.com.br\\\/en\\\/atendimento\\\/press-office\\\/#primaryimage\"},\"thumbnailUrl\":\"https:\\\/\\\/www.rendimento.com.br\\\/wp-content\\\/uploads\\\/2022\\\/12\\\/bg-banner-assessoria.jpg\",\"datePublished\":\"2017-11-17T19:51:27+00:00\",\"dateModified\":\"2023-06-12T15:15:57+00:00\",\"description\":\"Press OfficeWe have a Press Office to support the media.A Assessoria de Imprensa do Rendimento \u00e9 realizada pela empresa Golin Rela\u00e7\u00f5es P\u00fablicas.The\",\"breadcrumb\":{\"@id\":\"https:\\\/\\\/www.rendimento.com.br\\\/en\\\/atendimento\\\/press-office\\\/#breadcrumb\"},\"inLanguage\":\"en-US\",\"potentialAction\":[{\"@type\":\"ReadAction\",\"target\":[\"https:\\\/\\\/www.rendimento.com.br\\\/en\\\/atendimento\\\/press-office\\\/\"]}]},{\"@type\":\"ImageObject\",\"inLanguage\":\"en-US\",\"@id\":\"https:\\\/\\\/www.rendimento.com.br\\\/en\\\/atendimento\\\/press-office\\\/#primaryimage\",\"url\":\"https:\\\/\\\/www.rendimento.com.br\\\/wp-content\\\/uploads\\\/2022\\\/12\\\/bg-banner-assessoria.jpg\",\"contentUrl\":\"https:\\\/\\\/www.rendimento.com.br\\\/wp-content\\\/uploads\\\/2022\\\/12\\\/bg-banner-assessoria.jpg\",\"width\":2048,\"height\":846,\"caption\":\"Assessoria de Imprensa | Banco Rendimento\"},{\"@type\":\"BreadcrumbList\",\"@id\":\"https:\\\/\\\/www.rendimento.com.br\\\/en\\\/atendimento\\\/press-office\\\/#breadcrumb\",\"itemListElement\":[{\"@type\":\"ListItem\",\"position\":1,\"name\":\"In\u00edcio\",\"item\":\"https:\\\/\\\/www.rendimento.com.br\\\/\"},{\"@type\":\"ListItem\",\"position\":2,\"name\":\"Customer Service\",\"item\":\"https:\\\/\\\/www.rendimento.com.br\\\/en\\\/atendimento\\\/\"},{\"@type\":\"ListItem\",\"position\":3,\"name\":\"Press Office\"}]},{\"@type\":\"WebSite\",\"@id\":\"https:\\\/\\\/www.rendimento.com.br\\\/#website\",\"url\":\"https:\\\/\\\/www.rendimento.com.br\\\/\",\"name\":\"Banco Rendimento\",\"description\":\"Um banco sob medida\",\"publisher\":{\"@id\":\"https:\\\/\\\/www.rendimento.com.br\\\/#organization\"},\"potentialAction\":[{\"@type\":\"SearchAction\",\"target\":{\"@type\":\"EntryPoint\",\"urlTemplate\":\"https:\\\/\\\/www.rendimento.com.br\\\/?s={search_term_string}\"},\"query-input\":{\"@type\":\"PropertyValueSpecification\",\"valueRequired\":true,\"valueName\":\"search_term_string\"}}],\"inLanguage\":\"en-US\"},{\"@type\":\"Organization\",\"@id\":\"https:\\\/\\\/www.rendimento.com.br\\\/#organization\",\"name\":\"Banco Rendimento\",\"alternateName\":\"Rendimento\",\"url\":\"https:\\\/\\\/www.rendimento.com.br\\\/\",\"logo\":{\"@type\":\"ImageObject\",\"inLanguage\":\"en-US\",\"@id\":\"https:\\\/\\\/www.rendimento.com.br\\\/#\\\/schema\\\/logo\\\/image\\\/\",\"url\":\"https:\\\/\\\/www.rendimento.com.br\\\/wp-content\\\/uploads\\\/2024\\\/10\\\/avatar-rendimento.png\",\"contentUrl\":\"https:\\\/\\\/www.rendimento.com.br\\\/wp-content\\\/uploads\\\/2024\\\/10\\\/avatar-rendimento.png\",\"width\":697,\"height\":697,\"caption\":\"Banco Rendimento\"},\"image\":{\"@id\":\"https:\\\/\\\/www.rendimento.com.br\\\/#\\\/schema\\\/logo\\\/image\\\/\"},\"sameAs\":[\"https:\\\/\\\/www.facebook.com\\\/bancorendimento\\\/\",\"https:\\\/\\\/x.com\\\/BancoRendimento\"]}]}<\/script>\n<!-- \/ Yoast SEO plugin. -->","yoast_head_json":{"title":"Press Office | Banco Rendimento","description":"Press OfficeWe have a Press Office to support the media.A Assessoria de Imprensa do Rendimento \u00e9 realizada pela empresa Golin Rela\u00e7\u00f5es P\u00fablicas.The","robots":{"index":"index","follow":"follow","max-snippet":"max-snippet:-1","max-image-preview":"max-image-preview:large","max-video-preview":"max-video-preview:-1"},"canonical":"https:\/\/www.rendimento.com.br\/en\/atendimento\/press-office\/","og_locale":"en_US","og_type":"article","og_title":"Press Office | Banco Rendimento","og_description":"Press OfficeWe have a Press Office to support the media.A Assessoria de Imprensa do Rendimento \u00e9 realizada pela empresa Golin Rela\u00e7\u00f5es P\u00fablicas.The","og_url":"https:\/\/www.rendimento.com.br\/en\/atendimento\/press-office\/","og_site_name":"Banco Rendimento","article_publisher":"https:\/\/www.facebook.com\/bancorendimento\/","article_modified_time":"2023-06-12T15:15:57+00:00","og_image":[{"width":2048,"height":846,"url":"https:\/\/www.rendimento.com.br\/wp-content\/uploads\/2022\/12\/bg-banner-assessoria.jpg","type":"image\/jpeg"}],"twitter_card":"summary_large_image","twitter_site":"@BancoRendimento","twitter_misc":{"Est. reading time":"1 minute"},"schema":{"@context":"https:\/\/schema.org","@graph":[{"@type":"WebPage","@id":"https:\/\/www.rendimento.com.br\/en\/atendimento\/press-office\/","url":"https:\/\/www.rendimento.com.br\/en\/atendimento\/press-office\/","name":"Press Office | Banco Rendimento","isPartOf":{"@id":"https:\/\/www.rendimento.com.br\/#website"},"primaryImageOfPage":{"@id":"https:\/\/www.rendimento.com.br\/en\/atendimento\/press-office\/#primaryimage"},"image":{"@id":"https:\/\/www.rendimento.com.br\/en\/atendimento\/press-office\/#primaryimage"},"thumbnailUrl":"https:\/\/www.rendimento.com.br\/wp-content\/uploads\/2022\/12\/bg-banner-assessoria.jpg","datePublished":"2017-11-17T19:51:27+00:00","dateModified":"2023-06-12T15:15:57+00:00","description":"Press OfficeWe have a Press Office to support the media.A Assessoria de Imprensa do Rendimento \u00e9 realizada pela empresa Golin Rela\u00e7\u00f5es P\u00fablicas.The","breadcrumb":{"@id":"https:\/\/www.rendimento.com.br\/en\/atendimento\/press-office\/#breadcrumb"},"inLanguage":"en-US","potentialAction":[{"@type":"ReadAction","target":["https:\/\/www.rendimento.com.br\/en\/atendimento\/press-office\/"]}]},{"@type":"ImageObject","inLanguage":"en-US","@id":"https:\/\/www.rendimento.com.br\/en\/atendimento\/press-office\/#primaryimage","url":"https:\/\/www.rendimento.com.br\/wp-content\/uploads\/2022\/12\/bg-banner-assessoria.jpg","contentUrl":"https:\/\/www.rendimento.com.br\/wp-content\/uploads\/2022\/12\/bg-banner-assessoria.jpg","width":2048,"height":846,"caption":"Assessoria de Imprensa | Banco Rendimento"},{"@type":"BreadcrumbList","@id":"https:\/\/www.rendimento.com.br\/en\/atendimento\/press-office\/#breadcrumb","itemListElement":[{"@type":"ListItem","position":1,"name":"In\u00edcio","item":"https:\/\/www.rendimento.com.br\/"},{"@type":"ListItem","position":2,"name":"Customer Service","item":"https:\/\/www.rendimento.com.br\/en\/atendimento\/"},{"@type":"ListItem","position":3,"name":"Press Office"}]},{"@type":"WebSite","@id":"https:\/\/www.rendimento.com.br\/#website","url":"https:\/\/www.rendimento.com.br\/","name":"Banco Rendimento","description":"Um banco sob medida","publisher":{"@id":"https:\/\/www.rendimento.com.br\/#organization"},"potentialAction":[{"@type":"SearchAction","target":{"@type":"EntryPoint","urlTemplate":"https:\/\/www.rendimento.com.br\/?s={search_term_string}"},"query-input":{"@type":"PropertyValueSpecification","valueRequired":true,"valueName":"search_term_string"}}],"inLanguage":"en-US"},{"@type":"Organization","@id":"https:\/\/www.rendimento.com.br\/#organization","name":"Banco Rendimento","alternateName":"Rendimento","url":"https:\/\/www.rendimento.com.br\/","logo":{"@type":"ImageObject","inLanguage":"en-US","@id":"https:\/\/www.rendimento.com.br\/#\/schema\/logo\/image\/","url":"https:\/\/www.rendimento.com.br\/wp-content\/uploads\/2024\/10\/avatar-rendimento.png","contentUrl":"https:\/\/www.rendimento.com.br\/wp-content\/uploads\/2024\/10\/avatar-rendimento.png","width":697,"height":697,"caption":"Banco Rendimento"},"image":{"@id":"https:\/\/www.rendimento.com.br\/#\/schema\/logo\/image\/"},"sameAs":["https:\/\/www.facebook.com\/bancorendimento\/","https:\/\/x.com\/BancoRendimento"]}]}},"_links":{"self":[{"href":"https:\/\/www.rendimento.com.br\/en\/wp-json\/wp\/v2\/pages\/6128","targetHints":{"allow":["GET"]}}],"collection":[{"href":"https:\/\/www.rendimento.com.br\/en\/wp-json\/wp\/v2\/pages"}],"about":[{"href":"https:\/\/www.rendimento.com.br\/en\/wp-json\/wp\/v2\/types\/page"}],"author":[{"embeddable":true,"href":"https:\/\/www.rendimento.com.br\/en\/wp-json\/wp\/v2\/users\/10"}],"replies":[{"embeddable":true,"href":"https:\/\/www.rendimento.com.br\/en\/wp-json\/wp\/v2\/comments?post=6128"}],"version-history":[{"count":4,"href":"https:\/\/www.rendimento.com.br\/en\/wp-json\/wp\/v2\/pages\/6128\/revisions"}],"predecessor-version":[{"id":7649,"href":"https:\/\/www.rendimento.com.br\/en\/wp-json\/wp\/v2\/pages\/6128\/revisions\/7649"}],"up":[{"embeddable":true,"href":"https:\/\/www.rendimento.com.br\/en\/wp-json\/wp\/v2\/pages\/6122"}],"wp:featuredmedia":[{"embeddable":true,"href":"https:\/\/www.rendimento.com.br\/en\/wp-json\/wp\/v2\/media\/178362"}],"wp:attachment":[{"href":"https:\/\/www.rendimento.com.br\/en\/wp-json\/wp\/v2\/media?parent=6128"}],"curies":[{"name":"wp","href":"https:\/\/api.w.org\/{rel}","templated":true}]}}